{"id":30,"date":"2014-11-14T00:03:08","date_gmt":"2014-11-13T16:03:08","guid":{"rendered":"http:\/\/v2.onyxlite.com\/?page_id=30"},"modified":"2015-11-20T15:42:53","modified_gmt":"2015-11-20T07:42:53","slug":"technical","status":"publish","type":"page","link":"http:\/\/v2.onyxlite.com\/index.php\/technical\/","title":{"rendered":"Technical"},"content":{"rendered":"<p><strong>Technical Part of\u252c\u00e1 GT8 Lighting<\/strong><\/p>\n<div class=\"entry clearfix\">\n<p><strong>General knowledge on Lighting<\/strong><\/p>\n<div>\u252c\u00f9The letter \u00d4\u00c7\u00a3T\u00d4\u00c7\u00d8 is used in front of the number to show that fluorescent bulb is a tube.<\/div>\n<div>\u252c\u00f9Following the letter is a number which represent the diameter of the bulb measured in fraction of an inch.<\/div>\n<p>(X\/8) x 1 inch<\/p>\n<p>T8 = (8\/8) x 1 inch = 1 inch<\/p>\n<p><strong>Power Factor (PF)<\/strong><\/p>\n<ol>\n<li>When the power factor is 1, all the energy supplied by the source is consumed by the load.<\/li>\n<li>if the power factor is &lt;1, they have to supply more current to the user for a given amount of power use.<\/li>\n<li>The higher currents increase the energy lost in the distribution system.<\/li>\n<li>Low Power Factor would cause power system losses in your electrical system.<\/li>\n<li>Such losses can be reduced or minimized by improving the power factor.<\/li>\n<li>With the current rise in the cost of energy, improvement on facility efficiency is essential.<\/li>\n<\/ol>\n<p><a href=\"http:\/\/v2.onyxlite.com\/wp-content\/uploads\/2014\/11\/tech-sample.jpg\"><img loading=\"lazy\" decoding=\"async\" class=\"alignnone size-full wp-image-278\" src=\"http:\/\/v2.onyxlite.com\/wp-content\/uploads\/2014\/11\/tech-sample.jpg\" alt=\"tech-sample\" width=\"695\" height=\"428\" srcset=\"http:\/\/v2.onyxlite.com\/wp-content\/uploads\/2014\/11\/tech-sample.jpg 695w, http:\/\/v2.onyxlite.com\/wp-content\/uploads\/2014\/11\/tech-sample-300x184.jpg 300w\" sizes=\"(max-width: 695px) 100vw, 695px\" \/><\/a><\/p>\n<p><a href=\"http:\/\/v2.onyxlite.com\/wp-content\/uploads\/2014\/11\/tech-sample2.jpg\"><img loading=\"lazy\" decoding=\"async\" class=\"alignnone size-full wp-image-279\" src=\"http:\/\/v2.onyxlite.com\/wp-content\/uploads\/2014\/11\/tech-sample2.jpg\" alt=\"tech-sample2\" width=\"743\" height=\"383\" srcset=\"http:\/\/v2.onyxlite.com\/wp-content\/uploads\/2014\/11\/tech-sample2.jpg 743w, http:\/\/v2.onyxlite.com\/wp-content\/uploads\/2014\/11\/tech-sample2-300x154.jpg 300w\" sizes=\"(max-width: 743px) 100vw, 743px\" \/><\/a><\/p>\n<p><a href=\"http:\/\/v2.onyxlite.com\/wp-content\/uploads\/2014\/11\/GT8tech2.jpg\"><img loading=\"lazy\" decoding=\"async\" class=\"alignnone  wp-image-280\" src=\"http:\/\/v2.onyxlite.com\/wp-content\/uploads\/2014\/11\/GT8tech2.jpg\" alt=\"GT8tech2\" width=\"905\" height=\"622\" srcset=\"http:\/\/v2.onyxlite.com\/wp-content\/uploads\/2014\/11\/GT8tech2.jpg 1313w, http:\/\/v2.onyxlite.com\/wp-content\/uploads\/2014\/11\/GT8tech2-300x206.jpg 300w, http:\/\/v2.onyxlite.com\/wp-content\/uploads\/2014\/11\/GT8tech2-1024x703.jpg 1024w\" sizes=\"(max-width: 905px) 100vw, 905px\" \/><\/a><\/p>\n<p><a href=\"http:\/\/v2.onyxlite.com\/wp-content\/uploads\/2014\/11\/tech-sample3.jpg\"><img loading=\"lazy\" decoding=\"async\" class=\"alignnone size-full wp-image-281\" src=\"http:\/\/v2.onyxlite.com\/wp-content\/uploads\/2014\/11\/tech-sample3.jpg\" alt=\"tech-sample3\" width=\"684\" height=\"431\" srcset=\"http:\/\/v2.onyxlite.com\/wp-content\/uploads\/2014\/11\/tech-sample3.jpg 684w, http:\/\/v2.onyxlite.com\/wp-content\/uploads\/2014\/11\/tech-sample3-300x189.jpg 300w\" sizes=\"(max-width: 684px) 100vw, 684px\" \/><\/a><\/p>\n<p><a href=\"http:\/\/v2.onyxlite.com\/wp-content\/uploads\/2014\/11\/tech-sample4.jpg\"><img loading=\"lazy\" decoding=\"async\" class=\"alignnone size-full wp-image-282\" src=\"http:\/\/v2.onyxlite.com\/wp-content\/uploads\/2014\/11\/tech-sample4.jpg\" alt=\"tech-sample4\" width=\"721\" height=\"438\" srcset=\"http:\/\/v2.onyxlite.com\/wp-content\/uploads\/2014\/11\/tech-sample4.jpg 721w, http:\/\/v2.onyxlite.com\/wp-content\/uploads\/2014\/11\/tech-sample4-300x182.jpg 300w\" sizes=\"(max-width: 721px) 100vw, 721px\" \/><\/a><\/p>\n<p><a href=\"http:\/\/v2.onyxlite.com\/wp-content\/uploads\/2014\/11\/tech-sample5.jpg\"><img loading=\"lazy\" decoding=\"async\" class=\"alignnone size-full wp-image-283\" src=\"http:\/\/v2.onyxlite.com\/wp-content\/uploads\/2014\/11\/tech-sample5.jpg\" alt=\"tech-sample5\" width=\"700\" height=\"464\" srcset=\"http:\/\/v2.onyxlite.com\/wp-content\/uploads\/2014\/11\/tech-sample5.jpg 700w, http:\/\/v2.onyxlite.com\/wp-content\/uploads\/2014\/11\/tech-sample5-300x198.jpg 300w, http:\/\/v2.onyxlite.com\/wp-content\/uploads\/2014\/11\/tech-sample5-207x136.jpg 207w, http:\/\/v2.onyxlite.com\/wp-content\/uploads\/2014\/11\/tech-sample5-140x94.jpg 140w\" sizes=\"(max-width: 700px) 100vw, 700px\" \/><\/a><\/p>\n<\/div>\n<div id=\"__if72ru4rkjahiuyi_once\" style=\"display: none;\"><\/div>\n","protected":false},"excerpt":{"rendered":"<p>Technical Part of\u252c\u00e1 GT8 Lighting General knowledge on Lighting \u252c\u00f9The letter \u00d4\u00c7\u00a3T\u00d4\u00c7\u00d8 is used in front of the number to show that fluorescent bulb is a tube. \u252c\u00f9Following the letter is a number which represent the diameter of the bulb measured in fraction of an inch. (X\/8) x 1 inch T8 = (8\/8) x 1 [&hellip;]<\/p>\n","protected":false},"author":1,"featured_media":0,"parent":0,"menu_order":0,"comment_status":"closed","ping_status":"closed","template":"page-full.php","meta":{"footnotes":""},"_links":{"self":[{"href":"http:\/\/v2.onyxlite.com\/index.php\/wp-json\/wp\/v2\/pages\/30"}],"collection":[{"href":"http:\/\/v2.onyxlite.com\/index.php\/wp-json\/wp\/v2\/pages"}],"about":[{"href":"http:\/\/v2.onyxlite.com\/index.php\/wp-json\/wp\/v2\/types\/page"}],"author":[{"embeddable":true,"href":"http:\/\/v2.onyxlite.com\/index.php\/wp-json\/wp\/v2\/users\/1"}],"replies":[{"embeddable":true,"href":"http:\/\/v2.onyxlite.com\/index.php\/wp-json\/wp\/v2\/comments?post=30"}],"version-history":[{"count":4,"href":"http:\/\/v2.onyxlite.com\/index.php\/wp-json\/wp\/v2\/pages\/30\/revisions"}],"predecessor-version":[{"id":284,"href":"http:\/\/v2.onyxlite.com\/index.php\/wp-json\/wp\/v2\/pages\/30\/revisions\/284"}],"wp:attachment":[{"href":"http:\/\/v2.onyxlite.com\/index.php\/wp-json\/wp\/v2\/media?parent=30"}],"curies":[{"name":"wp","href":"https:\/\/api.w.org\/{rel}","templated":true}]}}